{"id":7918,"date":"2024-01-22T17:28:18","date_gmt":"2024-01-22T17:28:18","guid":{"rendered":"https:\/\/new.sojocoverings.com\/?post_type=product&#038;p=7918"},"modified":"2024-02-13T00:15:00","modified_gmt":"2024-02-13T00:15:00","slug":"small-fishbone-2102","status":"publish","type":"product","link":"https:\/\/new.sojocoverings.com\/index.php\/producto\/small-fishbone-2102\/","title":{"rendered":"Small Fishbone 2102"},"content":{"rendered":"<p><span style=\"font-weight: 400;\">Caracter\u00edsticas l\u00ednea cl\u00e1sica:<\/span><\/p>\n<ul>\n<li style=\"font-weight: 400;\" aria-level=\"1\"><span style=\"font-weight: 400;\">Empleado mayormente en hogares<\/span><\/li>\n<li style=\"font-weight: 400;\" aria-level=\"1\"><span style=\"font-weight: 400;\">Genera un ambiente agradable en tu entorno, suma vida a tus espacios en compa\u00f1\u00eda de tus muebles, luces, colores y m\u00e1s<\/span><\/li>\n<li style=\"font-weight: 400;\" aria-level=\"1\"><span style=\"font-weight: 400;\">Parcha tus paredes sin que se note<\/span><\/li>\n<li style=\"font-weight: 400;\" aria-level=\"1\"><span style=\"font-weight: 400;\">Cuida de tus muros\u00a0<\/span><\/li>\n<li style=\"font-weight: 400;\" aria-level=\"1\"><span style=\"font-weight: 400;\">F\u00e1cil limpieza\u00a0<\/span><\/li>\n<li><span style=\"font-weight: 400;\">Pintado de su selecci\u00f3n\u00a0<\/span><\/li>\n<\/ul>\n","protected":false},"excerpt":{"rendered":"<p>Tejido natural, p\u00edntalo del color que m\u00e1s te guste<\/p>\n","protected":false},"featured_media":7919,"comment_status":"open","ping_status":"closed","template":"","meta":{"inline_featured_image":false,"_joinchat":[]},"product_cat":[120,119],"product_tag":[],"class_list":{"0":"post-7918","1":"product","2":"type-product","3":"status-publish","4":"has-post-thumbnail","6":"product_cat-linea-clasica","7":"product_cat-sojo-coverings","9":"first","10":"instock","11":"shipping-taxable","12":"product-type-simple"},"yoast_head":"<!-- This site is optimized with the Yoast SEO plugin v22.0 - https:\/\/yoast.com\/wordpress\/plugins\/seo\/ -->\n<title>Small Fishbone 2102 - Sojo Coverings<\/title>\n<meta name=\"robots\" content=\"index, follow, max-snippet:-1, max-image-preview:large, max-video-preview:-1\" \/>\n<link rel=\"canonical\" href=\"https:\/\/new.sojocoverings.com\/index.php\/producto\/small-fishbone-2102\/\" \/>\n<meta property=\"og:locale\" content=\"es_ES\" \/>\n<meta property=\"og:type\" content=\"article\" \/>\n<meta property=\"og:title\" content=\"Small Fishbone 2102 - Sojo Coverings\" \/>\n<meta property=\"og:description\" content=\"Tejido natural, p\u00edntalo del color que m\u00e1s te guste\" \/>\n<meta property=\"og:url\" content=\"https:\/\/new.sojocoverings.com\/index.php\/producto\/small-fishbone-2102\/\" \/>\n<meta property=\"og:site_name\" content=\"Sojo Coverings\" \/>\n<meta property=\"article:modified_time\" content=\"2024-02-13T00:15:00+00:00\" \/>\n<meta property=\"og:image\" content=\"https:\/\/new.sojocoverings.com\/wp-content\/uploads\/2024\/01\/SMALL-FISHBONE.jpg\" \/>\n\t<meta property=\"og:image:width\" content=\"1000\" \/>\n\t<meta property=\"og:image:height\" content=\"1000\" \/>\n\t<meta property=\"og:image:type\" content=\"image\/jpeg\" \/>\n<meta name=\"twitter:card\" content=\"summary_large_image\" \/>\n<meta name=\"twitter:label1\" content=\"Tiempo de lectura\" \/>\n\t<meta name=\"twitter:data1\" content=\"1 minuto\" \/>\n<script type=\"application\/ld+json\" class=\"yoast-schema-graph\">{\"@context\":\"https:\/\/schema.org\",\"@graph\":[{\"@type\":\"WebPage\",\"@id\":\"https:\/\/new.sojocoverings.com\/index.php\/producto\/small-fishbone-2102\/\",\"url\":\"https:\/\/new.sojocoverings.com\/index.php\/producto\/small-fishbone-2102\/\",\"name\":\"Small Fishbone 2102 - Sojo Coverings\",\"isPartOf\":{\"@id\":\"https:\/\/new.sojocoverings.com\/#website\"},\"datePublished\":\"2024-01-22T17:28:18+00:00\",\"dateModified\":\"2024-02-13T00:15:00+00:00\",\"breadcrumb\":{\"@id\":\"https:\/\/new.sojocoverings.com\/index.php\/producto\/small-fishbone-2102\/#breadcrumb\"},\"inLanguage\":\"es\",\"potentialAction\":[{\"@type\":\"ReadAction\",\"target\":[\"https:\/\/new.sojocoverings.com\/index.php\/producto\/small-fishbone-2102\/\"]}]},{\"@type\":\"BreadcrumbList\",\"@id\":\"https:\/\/new.sojocoverings.com\/index.php\/producto\/small-fishbone-2102\/#breadcrumb\",\"itemListElement\":[{\"@type\":\"ListItem\",\"position\":1,\"name\":\"Home\",\"item\":\"https:\/\/new.sojocoverings.com\/\"},{\"@type\":\"ListItem\",\"position\":2,\"name\":\"Tienda\",\"item\":\"https:\/\/new.sojocoverings.com\/index.php\/tienda\/\"},{\"@type\":\"ListItem\",\"position\":3,\"name\":\"Small Fishbone 2102\"}]},{\"@type\":\"WebSite\",\"@id\":\"https:\/\/new.sojocoverings.com\/#website\",\"url\":\"https:\/\/new.sojocoverings.com\/\",\"name\":\"Sojo Coverings\",\"description\":\"Recubrimientos de tejido de fibra de vidrio para muros\",\"publisher\":{\"@id\":\"https:\/\/new.sojocoverings.com\/#organization\"},\"potentialAction\":[{\"@type\":\"SearchAction\",\"target\":{\"@type\":\"EntryPoint\",\"urlTemplate\":\"https:\/\/new.sojocoverings.com\/?s={search_term_string}\"},\"query-input\":\"required name=search_term_string\"}],\"inLanguage\":\"es\"},{\"@type\":\"Organization\",\"@id\":\"https:\/\/new.sojocoverings.com\/#organization\",\"name\":\"Sojo Coverings\",\"url\":\"https:\/\/new.sojocoverings.com\/\",\"logo\":{\"@type\":\"ImageObject\",\"inLanguage\":\"es\",\"@id\":\"https:\/\/new.sojocoverings.com\/#\/schema\/logo\/image\/\",\"url\":\"https:\/\/new.sojocoverings.com\/wp-content\/uploads\/2023\/11\/logo-512x512-1.png\",\"contentUrl\":\"https:\/\/new.sojocoverings.com\/wp-content\/uploads\/2023\/11\/logo-512x512-1.png\",\"width\":513,\"height\":513,\"caption\":\"Sojo Coverings\"},\"image\":{\"@id\":\"https:\/\/new.sojocoverings.com\/#\/schema\/logo\/image\/\"}}]}<\/script>\n<!-- \/ Yoast SEO plugin. -->","yoast_head_json":{"title":"Small Fishbone 2102 - Sojo Coverings","robots":{"index":"index","follow":"follow","max-snippet":"max-snippet:-1","max-image-preview":"max-image-preview:large","max-video-preview":"max-video-preview:-1"},"canonical":"https:\/\/new.sojocoverings.com\/index.php\/producto\/small-fishbone-2102\/","og_locale":"es_ES","og_type":"article","og_title":"Small Fishbone 2102 - Sojo Coverings","og_description":"Tejido natural, p\u00edntalo del color que m\u00e1s te guste","og_url":"https:\/\/new.sojocoverings.com\/index.php\/producto\/small-fishbone-2102\/","og_site_name":"Sojo Coverings","article_modified_time":"2024-02-13T00:15:00+00:00","og_image":[{"width":1000,"height":1000,"url":"https:\/\/new.sojocoverings.com\/wp-content\/uploads\/2024\/01\/SMALL-FISHBONE.jpg","type":"image\/jpeg"}],"twitter_card":"summary_large_image","twitter_misc":{"Tiempo de lectura":"1 minuto"},"schema":{"@context":"https:\/\/schema.org","@graph":[{"@type":"WebPage","@id":"https:\/\/new.sojocoverings.com\/index.php\/producto\/small-fishbone-2102\/","url":"https:\/\/new.sojocoverings.com\/index.php\/producto\/small-fishbone-2102\/","name":"Small Fishbone 2102 - Sojo Coverings","isPartOf":{"@id":"https:\/\/new.sojocoverings.com\/#website"},"datePublished":"2024-01-22T17:28:18+00:00","dateModified":"2024-02-13T00:15:00+00:00","breadcrumb":{"@id":"https:\/\/new.sojocoverings.com\/index.php\/producto\/small-fishbone-2102\/#breadcrumb"},"inLanguage":"es","potentialAction":[{"@type":"ReadAction","target":["https:\/\/new.sojocoverings.com\/index.php\/producto\/small-fishbone-2102\/"]}]},{"@type":"BreadcrumbList","@id":"https:\/\/new.sojocoverings.com\/index.php\/producto\/small-fishbone-2102\/#breadcrumb","itemListElement":[{"@type":"ListItem","position":1,"name":"Home","item":"https:\/\/new.sojocoverings.com\/"},{"@type":"ListItem","position":2,"name":"Tienda","item":"https:\/\/new.sojocoverings.com\/index.php\/tienda\/"},{"@type":"ListItem","position":3,"name":"Small Fishbone 2102"}]},{"@type":"WebSite","@id":"https:\/\/new.sojocoverings.com\/#website","url":"https:\/\/new.sojocoverings.com\/","name":"Sojo Coverings","description":"Recubrimientos de tejido de fibra de vidrio para muros","publisher":{"@id":"https:\/\/new.sojocoverings.com\/#organization"},"potentialAction":[{"@type":"SearchAction","target":{"@type":"EntryPoint","urlTemplate":"https:\/\/new.sojocoverings.com\/?s={search_term_string}"},"query-input":"required name=search_term_string"}],"inLanguage":"es"},{"@type":"Organization","@id":"https:\/\/new.sojocoverings.com\/#organization","name":"Sojo Coverings","url":"https:\/\/new.sojocoverings.com\/","logo":{"@type":"ImageObject","inLanguage":"es","@id":"https:\/\/new.sojocoverings.com\/#\/schema\/logo\/image\/","url":"https:\/\/new.sojocoverings.com\/wp-content\/uploads\/2023\/11\/logo-512x512-1.png","contentUrl":"https:\/\/new.sojocoverings.com\/wp-content\/uploads\/2023\/11\/logo-512x512-1.png","width":513,"height":513,"caption":"Sojo Coverings"},"image":{"@id":"https:\/\/new.sojocoverings.com\/#\/schema\/logo\/image\/"}}]}},"_links":{"self":[{"href":"https:\/\/new.sojocoverings.com\/index.php\/wp-json\/wp\/v2\/product\/7918","targetHints":{"allow":["GET"]}}],"collection":[{"href":"https:\/\/new.sojocoverings.com\/index.php\/wp-json\/wp\/v2\/product"}],"about":[{"href":"https:\/\/new.sojocoverings.com\/index.php\/wp-json\/wp\/v2\/types\/product"}],"replies":[{"embeddable":true,"href":"https:\/\/new.sojocoverings.com\/index.php\/wp-json\/wp\/v2\/comments?post=7918"}],"wp:featuredmedia":[{"embeddable":true,"href":"https:\/\/new.sojocoverings.com\/index.php\/wp-json\/wp\/v2\/media\/7919"}],"wp:attachment":[{"href":"https:\/\/new.sojocoverings.com\/index.php\/wp-json\/wp\/v2\/media?parent=7918"}],"wp:term":[{"taxonomy":"product_cat","embeddable":true,"href":"https:\/\/new.sojocoverings.com\/index.php\/wp-json\/wp\/v2\/product_cat?post=7918"},{"taxonomy":"product_tag","embeddable":true,"href":"https:\/\/new.sojocoverings.com\/index.php\/wp-json\/wp\/v2\/product_tag?post=7918"}],"curies":[{"name":"wp","href":"https:\/\/api.w.org\/{rel}","templated":true}]}}